{"id":179,"date":"2015-07-10T09:22:52","date_gmt":"2015-07-10T07:22:52","guid":{"rendered":"http:\/\/www.schuchatwork.de\/wordpress_haardchor\/?page_id=179"},"modified":"2023-03-09T11:22:07","modified_gmt":"2023-03-09T10:22:07","slug":"impressum-2-2","status":"publish","type":"page","link":"http:\/\/www.schuchatwork.de\/wordpress_haardchor\/impressum-2-2\/","title":{"rendered":"Impressum"},"content":{"rendered":"<p>Angaben gem\u00e4\u00df \u00a7 5 TMG:<\/p>\n<p>Haardchor im Vest<br \/>\nDenningsgraben 19<br \/>\n45739 Oer-Erkenschwick<br \/>\n01516 5622924<\/p>\n<h2>Vertreten durch:<\/h2>\n<p>Andrea Koca, Denningsgraben 19, 45739 Oer-Erkenschwick<\/p>\n<h2>Kontakt:<\/h2>\n<table style=\"height: 66px;\" width=\"284\">\n<tbody>\n<tr>\n<td><\/td>\n<td><\/td>\n<\/tr>\n<tr>\n<td>E-Mail:<\/td>\n<td>haardchorimvest@web.de<\/td>\n<\/tr>\n<\/tbody>\n<\/table>\n<h2><\/h2>\n<h2>Design:<\/h2>\n<p>\u00a9 2015 \u00b7 Axel Schuch<br \/>\nKonzept, Gestaltung: schuch@work, Recklinghausen<br \/>\nHerstellung: Andreas R\u00fcdiger (schuch@work)<\/p>\n<h1>Datenschutzerkl\u00e4rung:<\/h1>\n<p><strong>Datenschutz<\/strong><\/p>\n<p>Die Betreiber dieser Seiten nehmen den Schutz Ihrer pers\u00f6nlichen Daten sehr ernst. Wir behandeln Ihre personenbezogenen Daten vertraulich und entsprechend der gesetzlichen Datenschutzvorschriften sowie dieser Datenschutzerkl\u00e4rung.<\/p>\n<p>Die Nutzung unserer Webseite ist in der Regel ohne Angabe personenbezogener Daten m\u00f6glich. Soweit auf unseren Seiten personenbezogene Daten (beispielsweise Name, Anschrift oder E-Mail-Adressen) erhoben werden, erfolgt dies, soweit m\u00f6glich, stets auf freiwilliger Basis. Diese Daten werden ohne Ihre ausdr\u00fcckliche Zustimmung nicht an Dritte weitergegeben.<\/p>\n<p>Wir weisen darauf hin, dass die Daten\u00fcbertragung im Internet (z.B. bei der Kommunikation per E-Mail) Sicherheitsl\u00fccken aufweisen kann. Ein l\u00fcckenloser Schutz der Daten vor dem Zugriff durch Dritte ist nicht m\u00f6glich.<\/p>\n","protected":false},"excerpt":{"rendered":"<p>Angaben gem\u00e4\u00df \u00a7 5 TMG: Haardchor im Vest Denningsgraben 19 45739 Oer-Erkenschwick 01516 5622924 Vertreten durch: Andrea Koca, Denningsgraben 19, 45739 Oer-Erkenschwick Kontakt: E-Mail: haardchorimvest@web.de Design: \u00a9 2015 \u00b7 Axel Schuch Konzept, Gestaltung: schuch@work, Recklinghausen Herstellung: Andreas R\u00fcdiger (schuch@work) Datenschutzerkl\u00e4rung: Datenschutz Die Betreiber dieser Seiten nehmen den Schutz Ihrer pers\u00f6nlichen Daten sehr ernst. Wir behandeln&#8230; <\/p>\n","protected":false},"author":1,"featured_media":0,"parent":0,"menu_order":0,"comment_status":"closed","ping_status":"closed","template":"","meta":{"jetpack_post_was_ever_published":false,"footnotes":""},"class_list":["post-179","page","type-page","status-publish","hentry"],"jetpack_sharing_enabled":true,"jetpack_shortlink":"https:\/\/wp.me\/P6rlCm-2T","jetpack-related-posts":[],"_links":{"self":[{"href":"http:\/\/www.schuchatwork.de\/wordpress_haardchor\/wp-json\/wp\/v2\/pages\/179","targetHints":{"allow":["GET"]}}],"collection":[{"href":"http:\/\/www.schuchatwork.de\/wordpress_haardchor\/wp-json\/wp\/v2\/pages"}],"about":[{"href":"http:\/\/www.schuchatwork.de\/wordpress_haardchor\/wp-json\/wp\/v2\/types\/page"}],"author":[{"embeddable":true,"href":"http:\/\/www.schuchatwork.de\/wordpress_haardchor\/wp-json\/wp\/v2\/users\/1"}],"replies":[{"embeddable":true,"href":"http:\/\/www.schuchatwork.de\/wordpress_haardchor\/wp-json\/wp\/v2\/comments?post=179"}],"version-history":[{"count":21,"href":"http:\/\/www.schuchatwork.de\/wordpress_haardchor\/wp-json\/wp\/v2\/pages\/179\/revisions"}],"predecessor-version":[{"id":1160,"href":"http:\/\/www.schuchatwork.de\/wordpress_haardchor\/wp-json\/wp\/v2\/pages\/179\/revisions\/1160"}],"wp:attachment":[{"href":"http:\/\/www.schuchatwork.de\/wordpress_haardchor\/wp-json\/wp\/v2\/media?parent=179"}],"curies":[{"name":"wp","href":"https:\/\/api.w.org\/{rel}","templated":true}]}}