{"id":169,"date":"2015-07-10T09:21:20","date_gmt":"2015-07-10T07:21:20","guid":{"rendered":"http:\/\/www.schuchatwork.de\/wordpress_haardchor\/?page_id=169"},"modified":"2023-02-03T13:06:01","modified_gmt":"2023-02-03T12:06:01","slug":"ueber-uns","status":"publish","type":"page","link":"http:\/\/www.schuchatwork.de\/wordpress_haardchor\/ueber-uns\/","title":{"rendered":"\u00dcber uns"},"content":{"rendered":"<p><img data-recalc-dims=\"1\" loading=\"lazy\" decoding=\"async\" data-attachment-id=\"784\" data-permalink=\"http:\/\/www.schuchatwork.de\/wordpress_haardchor\/ueber-uns\/home-icon8bit-5\/#main\" data-orig-file=\"https:\/\/i0.wp.com\/www.schuchatwork.de\/wordpress_haardchor\/wp-content\/uploads\/2015\/07\/Home-icon8bit4.png?fit=1440%2C822\" data-orig-size=\"1440,822\" data-comments-opened=\"0\" data-image-meta=\"{&quot;aperture&quot;:&quot;0&quot;,&quot;credit&quot;:&quot;&quot;,&quot;camera&quot;:&quot;&quot;,&quot;caption&quot;:&quot;&quot;,&quot;created_timestamp&quot;:&quot;0&quot;,&quot;copyright&quot;:&quot;&quot;,&quot;focal_length&quot;:&quot;0&quot;,&quot;iso&quot;:&quot;0&quot;,&quot;shutter_speed&quot;:&quot;0&quot;,&quot;title&quot;:&quot;&quot;,&quot;orientation&quot;:&quot;0&quot;}\" data-image-title=\"Home-icon8bit\" data-image-description=\"\" data-image-caption=\"\" data-medium-file=\"https:\/\/i0.wp.com\/www.schuchatwork.de\/wordpress_haardchor\/wp-content\/uploads\/2015\/07\/Home-icon8bit4.png?fit=300%2C171\" data-large-file=\"https:\/\/i0.wp.com\/www.schuchatwork.de\/wordpress_haardchor\/wp-content\/uploads\/2015\/07\/Home-icon8bit4.png?fit=1024%2C585\" class=\"aligncenter size-large wp-image-784\" src=\"https:\/\/i0.wp.com\/www.schuchatwork.de\/wordpress_haardchor\/wp-content\/uploads\/2015\/07\/Home-icon8bit4.png?resize=1024%2C585\" alt=\"Home-icon8bit\" width=\"1024\" height=\"585\" srcset=\"https:\/\/i0.wp.com\/www.schuchatwork.de\/wordpress_haardchor\/wp-content\/uploads\/2015\/07\/Home-icon8bit4.png?resize=1024%2C585 1024w, https:\/\/i0.wp.com\/www.schuchatwork.de\/wordpress_haardchor\/wp-content\/uploads\/2015\/07\/Home-icon8bit4.png?resize=300%2C171 300w, https:\/\/i0.wp.com\/www.schuchatwork.de\/wordpress_haardchor\/wp-content\/uploads\/2015\/07\/Home-icon8bit4.png?w=1440 1440w\" sizes=\"auto, (max-width: 1000px) 100vw, 1000px\" \/><\/p>\n<p>Der Haardchor im Vest singt die Lieder seiner \u00e4u\u00dferst abwechslungsreichen Programme bereits seit 1991.\u00a0Sein\u00a0ungew\u00f6hnlicher Name bezieht sich auf das nahgelegene\u00a0regionale Waldgebiet \u00bbDie Haard\u00ab und spielt ein wenig mit der sprachlichen Irritation.<\/p>\n<p>Das musikalische Repertoire l\u00e4sst sich am besten folgenderma\u00dfen beschreiben:<br \/>\nso abwechslungsreich wie m\u00f6glich.<\/p>\n<p>Songs verschiedenster Stilrichtungen wie Pop, Rock, Jazz, Blues, Gospel, Klassik, Folk und Evergreens. Und das auch in verschiedenen Sprachen. Englisch, Franz\u00f6sisch, Italienisch, Portugiesisch, Schwedisch usw. Aber auch Xhosa, Zulu und Sesotho. Und nat\u00fcrlich Deutsch.<br \/>\nDie zwischen 30 und 40 S\u00e4nger und S\u00e4ngerinnen lassen sich seit mittlerweile vielen Jahren vom Chorleiter Volker Bosserhoff dirigieren und begeistern.<\/p>\n<p><img data-recalc-dims=\"1\" loading=\"lazy\" decoding=\"async\" data-attachment-id=\"230\" data-permalink=\"http:\/\/www.schuchatwork.de\/wordpress_haardchor\/ueber-uns\/feulerx\/#main\" data-orig-file=\"https:\/\/i0.wp.com\/www.schuchatwork.de\/wordpress_haardchor\/wp-content\/uploads\/2015\/07\/FeulerX.jpg?fit=2384%2C960\" data-orig-size=\"2384,960\" data-comments-opened=\"0\" data-image-meta=\"{&quot;aperture&quot;:&quot;0&quot;,&quot;credit&quot;:&quot;&quot;,&quot;camera&quot;:&quot;&quot;,&quot;caption&quot;:&quot;&quot;,&quot;created_timestamp&quot;:&quot;0&quot;,&quot;copyright&quot;:&quot;&quot;,&quot;focal_length&quot;:&quot;0&quot;,&quot;iso&quot;:&quot;0&quot;,&quot;shutter_speed&quot;:&quot;0&quot;,&quot;title&quot;:&quot;&quot;,&quot;orientation&quot;:&quot;0&quot;}\" data-image-title=\"FeulerX\" data-image-description=\"\" data-image-caption=\"\" data-medium-file=\"https:\/\/i0.wp.com\/www.schuchatwork.de\/wordpress_haardchor\/wp-content\/uploads\/2015\/07\/FeulerX.jpg?fit=300%2C121\" data-large-file=\"https:\/\/i0.wp.com\/www.schuchatwork.de\/wordpress_haardchor\/wp-content\/uploads\/2015\/07\/FeulerX.jpg?fit=1024%2C412\" class=\" size-full wp-image-230 alignnone\" src=\"https:\/\/i0.wp.com\/www.schuchatwork.de\/wordpress_haardchor\/wp-content\/uploads\/2015\/07\/FeulerX.jpg?resize=2384%2C960\" alt=\"FeulerX\" width=\"2384\" height=\"960\" srcset=\"https:\/\/i0.wp.com\/www.schuchatwork.de\/wordpress_haardchor\/wp-content\/uploads\/2015\/07\/FeulerX.jpg?w=2384 2384w, https:\/\/i0.wp.com\/www.schuchatwork.de\/wordpress_haardchor\/wp-content\/uploads\/2015\/07\/FeulerX.jpg?resize=300%2C121 300w, https:\/\/i0.wp.com\/www.schuchatwork.de\/wordpress_haardchor\/wp-content\/uploads\/2015\/07\/FeulerX.jpg?resize=1024%2C412 1024w, https:\/\/i0.wp.com\/www.schuchatwork.de\/wordpress_haardchor\/wp-content\/uploads\/2015\/07\/FeulerX.jpg?w=2000 2000w\" sizes=\"auto, (max-width: 1000px) 100vw, 1000px\" \/><\/p>\n<p>Der Haardchor im Vest tritt mehrmals im Jahr mit einem Programm auf \u2013 oft auch gemeinsam mit einem Gastchor. Nicht immer vor einem so gewaltigen Publikum wie beim Day of Song 2010 mit 56.000 Zuh\u00f6rern in der Arena Auf Schalke, aber gerne in Schl\u00f6ssern, Kirchen und spontan wie zum Beispiel beim \u00bbStilleben\u00ab auf der A40. Oder auch mit dem umfangreichen Afrika-Repertoire bei Festivals wie \u00bbTanz die Trommel\u00ab in Essen.<\/p>\n","protected":false},"excerpt":{"rendered":"<p>Der Haardchor im Vest singt die Lieder seiner \u00e4u\u00dferst abwechslungsreichen Programme bereits seit 1991.\u00a0Sein\u00a0ungew\u00f6hnlicher Name bezieht sich auf das nahgelegene\u00a0regionale Waldgebiet \u00bbDie Haard\u00ab und spielt ein wenig mit der sprachlichen Irritation. Das musikalische Repertoire l\u00e4sst sich am besten folgenderma\u00dfen beschreiben: so abwechslungsreich wie m\u00f6glich. Songs verschiedenster Stilrichtungen wie Pop, Rock, Jazz, Blues, Gospel, Klassik, Folk&#8230; <\/p>\n","protected":false},"author":1,"featured_media":0,"parent":0,"menu_order":0,"comment_status":"closed","ping_status":"closed","template":"","meta":{"jetpack_post_was_ever_published":false,"footnotes":""},"class_list":["post-169","page","type-page","status-publish","hentry"],"jetpack_sharing_enabled":true,"jetpack_shortlink":"https:\/\/wp.me\/P6rlCm-2J","jetpack-related-posts":[],"_links":{"self":[{"href":"http:\/\/www.schuchatwork.de\/wordpress_haardchor\/wp-json\/wp\/v2\/pages\/169","targetHints":{"allow":["GET"]}}],"collection":[{"href":"http:\/\/www.schuchatwork.de\/wordpress_haardchor\/wp-json\/wp\/v2\/pages"}],"about":[{"href":"http:\/\/www.schuchatwork.de\/wordpress_haardchor\/wp-json\/wp\/v2\/types\/page"}],"author":[{"embeddable":true,"href":"http:\/\/www.schuchatwork.de\/wordpress_haardchor\/wp-json\/wp\/v2\/users\/1"}],"replies":[{"embeddable":true,"href":"http:\/\/www.schuchatwork.de\/wordpress_haardchor\/wp-json\/wp\/v2\/comments?post=169"}],"version-history":[{"count":46,"href":"http:\/\/www.schuchatwork.de\/wordpress_haardchor\/wp-json\/wp\/v2\/pages\/169\/revisions"}],"predecessor-version":[{"id":1124,"href":"http:\/\/www.schuchatwork.de\/wordpress_haardchor\/wp-json\/wp\/v2\/pages\/169\/revisions\/1124"}],"wp:attachment":[{"href":"http:\/\/www.schuchatwork.de\/wordpress_haardchor\/wp-json\/wp\/v2\/media?parent=169"}],"curies":[{"name":"wp","href":"https:\/\/api.w.org\/{rel}","templated":true}]}}